{"id":6,"date":"2025-10-20T17:48:20","date_gmt":"2025-10-20T17:48:20","guid":{"rendered":"https:\/\/lapintureranoemigarcia.es\/?page_id=6"},"modified":"2025-10-21T12:41:22","modified_gmt":"2025-10-21T12:41:22","slug":"nuevo-tema","status":"publish","type":"page","link":"https:\/\/lapintureranoemigarcia.es\/","title":{"rendered":"\u00a1Nuevo tema!"},"content":{"rendered":"\n<div class=\"wp-block-group alignfull has-global-padding is-layout-constrained wp-block-group-is-layout-constrained\" style=\"margin-top:0;margin-bottom:0;padding-top:var(--wp--preset--spacing--50);padding-bottom:var(--wp--preset--spacing--50)\">\n<div class=\"wp-block-columns alignwide is-layout-flex wp-container-core-columns-is-layout-47c06fe3 wp-block-columns-is-layout-flex\">\n<div class=\"wp-block-column is-layout-flow wp-block-column-is-layout-flow\" style=\"flex-basis:56%\">\n<figure class=\"wp-block-image size-full\"><img loading=\"lazy\" decoding=\"async\" width=\"1799\" height=\"1791\" src=\"https:\/\/lapintureranoemigarcia.es\/wp-content\/uploads\/2025\/10\/se-cuela-la-luz.png\" alt=\"\" class=\"wp-image-8\" style=\"aspect-ratio:1;object-fit:cover\" srcset=\"https:\/\/lapintureranoemigarcia.es\/wp-content\/uploads\/2025\/10\/se-cuela-la-luz.png 1799w, https:\/\/lapintureranoemigarcia.es\/wp-content\/uploads\/2025\/10\/se-cuela-la-luz-300x300.png 300w, https:\/\/lapintureranoemigarcia.es\/wp-content\/uploads\/2025\/10\/se-cuela-la-luz-1024x1019.png 1024w, https:\/\/lapintureranoemigarcia.es\/wp-content\/uploads\/2025\/10\/se-cuela-la-luz-150x150.png 150w, https:\/\/lapintureranoemigarcia.es\/wp-content\/uploads\/2025\/10\/se-cuela-la-luz-768x765.png 768w, https:\/\/lapintureranoemigarcia.es\/wp-content\/uploads\/2025\/10\/se-cuela-la-luz-1536x1529.png 1536w\" sizes=\"auto, (max-width: 1799px) 100vw, 1799px\" \/><\/figure>\n<\/div>\n\n\n\n<div class=\"wp-block-column is-vertically-aligned-center is-layout-flow wp-container-core-column-is-layout-119bc444 wp-block-column-is-layout-flow\">\n<h2 class=\"wp-block-heading\"><strong>LA PINTURERA<\/strong><\/h2>\n\n\n\n<p class=\"is-style-text-display is-style-text-display--1\"><strong>NOEM\u00cd GARC\u00cdA<\/strong><\/p>\n\n\n\n<p>Mi nombre es Noem\u00ed Garc\u00eda Gonz\u00e1lez. Soy una&nbsp;<em>artesana&nbsp;<\/em>malague\u00f1a, as\u00ed me defino: libre y observadora. A trav\u00e9s de mi m\u00fasica trato de ofrecer una propuesta consciente y sensible. Me gusta abordar tem\u00e1ticas de relevancia social, desde una perspectiva profunda fusionando sonido y reflexi\u00f3n para generar una experiencia transformadora.<\/p>\n\n\n\n<p><strong>LA PINTURERA<\/strong><\/p>\n\n\n\n<p>Como&nbsp;<strong>\u00abLa Pinturera\u00bb<\/strong>, he desarrollado la creaci\u00f3n de diversos proyectos musicales.<br>Entre ellos destacan el documental&nbsp;<strong>\u00abMaquis y Fugaos en la Sierra de Segura\u00bb<\/strong>, bajo la direcci\u00f3n de Jos\u00e9 Laso Flores; el cortometraje&nbsp;<strong>\u00abEl Regalo\u00bb<\/strong>, dirigido por la actriz espa\u00f1ola Rosario Pardo y protagonizado por Zaira Montes; y la obra teatral&nbsp;<strong>\u00abMujeres de Fuego\u00bb<\/strong>, dirigida por David Criado.<\/p>\n\n\n\n<p>Adem\u00e1s, he tenido el honor de componer y dirigir la producci\u00f3n de mi primer disco en solitario, titulado&nbsp;<strong>\u00abY Si\u00bb<\/strong>, junto a dos grandes m\u00fasicos, poliinstrumentistas y productores:&nbsp;<strong>Juanlu Marcelo Salazar<\/strong>&nbsp;y&nbsp;<strong>Pablo Ram\u00edrez Faura<\/strong>.<\/p>\n\n\n\n<p><strong>\u00abMusicakecura\u00bb<\/strong>&nbsp;es un proyecto art\u00edstico multidisciplinar que realizo con todo mi amor y dedicaci\u00f3n. Aqu\u00ed os muestro parte de mi obra musical, no encasillada en ning\u00fan estilo. Me gusta explorar muchas formas de interpretar la m\u00fasica y de interpretar la vida. La tem\u00e1tica social, las emociones, el desarrollo personal y una fuerte indagaci\u00f3n del interior ocupan gran parte de mis pensamientos y de mi forma de manifestarme art\u00edsticamente. Escribiendo, pintando y haciendo m\u00fasica, trato de plasmar el conjunto y prop\u00f3sito principal del concepto art\u00edstico&nbsp;<strong>La Pinturera<\/strong>:&nbsp;<em>\u201cHacer Sentir\u201d<\/em>.<\/p>\n\n\n\n<p>He trabajado junto a m\u00fasicos, artistas visuales, realizadores y colectivos art\u00edsticos durante m\u00e1s de tres d\u00e9cadas, en una amplia variedad de iniciativas independientes que incluyen propuestas musicales, documentales, piezas audiovisuales, cortometrajes, espect\u00e1culos esc\u00e9nicos, performances, talleres, etc.<\/p>\n\n\n\n<p class=\"is-style-text-display is-style-text-display--2\">Fui compositora y m\u00fasico en una de las primeras bandas de reggae en Espa\u00f1a,&nbsp;<strong>Raza Reggae<\/strong>, con la que realic\u00e9 conciertos por todo el pa\u00eds durante ocho a\u00f1os. All\u00ed comenz\u00f3 mi andadura musical.<\/p>\n\n\n\n<div class=\"wp-block-buttons is-layout-flex wp-block-buttons-is-layout-flex\">\n<div class=\"wp-block-button\"><a class=\"wp-block-button__link wp-element-button\">Canciones<\/a><\/div>\n\n\n\n<div class=\"wp-block-button\"><a class=\"wp-block-button__link wp-element-button\">Documentales<\/a><\/div>\n\n\n\n<div class=\"wp-block-button\"><a class=\"wp-block-button__link wp-element-button\">&#8220;La Pinturera Musicakecura&#8221; es un proyecto art\u00edstico de Noemi Garc\u00eda Gonz\u00e1lez. M\u00fasica profunda, llena de sensibilidad, compromiso social y consciente.<\/a><\/div>\n<\/div>\n<\/div>\n<\/div>\n<\/div>\n\n\n\n<div class=\"wp-block-group alignfull has-global-padding is-layout-constrained wp-block-group-is-layout-constrained\" style=\"margin-top:0;margin-bottom:0;padding-top:var(--wp--preset--spacing--50);padding-bottom:var(--wp--preset--spacing--50)\">\n<div class=\"wp-block-group alignwide is-layout-grid wp-container-core-group-is-layout-21f393a4 wp-block-group-is-layout-grid\">\n<div class=\"wp-block-group is-style-section-3 has-global-padding is-layout-constrained wp-block-group-is-layout-constrained is-style-section-3--3\" style=\"min-height:297px\">\n<div class=\"wp-block-group is-vertical is-content-justification-center is-layout-flex wp-container-core-group-is-layout-4aa192bb wp-block-group-is-layout-flex\" style=\"min-height:100%\">\n<h2 class=\"wp-block-heading has-large-font-size\">Instagram<\/h2>\n\n\n\n<p class=\"has-text-align-center has-medium-font-size\"><a href=\"#\">@<\/a><a href=\"https:\/\/www.instagram.com\/lapintureramusicakecura\/#\"><\/a><a href=\"https:\/\/www.instagram.com\/lapintureramusicakecura\/#\">lapintureramusicakecura<\/a><a href=\"https:\/\/www.instagram.com\/lapintureramusicakecura\/#\"><\/a><\/p>\n\n\n\n<p class=\"has-text-align-center has-medium-font-size\"><\/p>\n<\/div>\n<\/div>\n\n\n\n<figure class=\"wp-block-image size-full\"><img loading=\"lazy\" decoding=\"async\" width=\"2048\" height=\"2048\" src=\"https:\/\/lapintureranoemigarcia.es\/wp-content\/uploads\/2025\/10\/y-dime-si-sere-capaz-la-pinturera.jpg.webp\" alt=\"\" class=\"wp-image-16\" style=\"aspect-ratio:1;object-fit:cover\" srcset=\"https:\/\/lapintureranoemigarcia.es\/wp-content\/uploads\/2025\/10\/y-dime-si-sere-capaz-la-pinturera.jpg.webp 2048w, https:\/\/lapintureranoemigarcia.es\/wp-content\/uploads\/2025\/10\/y-dime-si-sere-capaz-la-pinturera.jpg-300x300.webp 300w, https:\/\/lapintureranoemigarcia.es\/wp-content\/uploads\/2025\/10\/y-dime-si-sere-capaz-la-pinturera.jpg-1024x1024.webp 1024w, https:\/\/lapintureranoemigarcia.es\/wp-content\/uploads\/2025\/10\/y-dime-si-sere-capaz-la-pinturera.jpg-150x150.webp 150w, https:\/\/lapintureranoemigarcia.es\/wp-content\/uploads\/2025\/10\/y-dime-si-sere-capaz-la-pinturera.jpg-768x768.webp 768w, https:\/\/lapintureranoemigarcia.es\/wp-content\/uploads\/2025\/10\/y-dime-si-sere-capaz-la-pinturera.jpg-1536x1536.webp 1536w\" sizes=\"auto, (max-width: 2048px) 100vw, 2048px\" \/><\/figure>\n\n\n\n<figure class=\"wp-block-image size-full\"><img loading=\"lazy\" decoding=\"async\" width=\"2048\" height=\"2048\" src=\"https:\/\/lapintureranoemigarcia.es\/wp-content\/uploads\/2025\/10\/whatsapp-image-2024-12-14-at-9.42.55-am.jpeg.webp\" alt=\"\" class=\"wp-image-17\" style=\"aspect-ratio:1;object-fit:cover\" srcset=\"https:\/\/lapintureranoemigarcia.es\/wp-content\/uploads\/2025\/10\/whatsapp-image-2024-12-14-at-9.42.55-am.jpeg.webp 2048w, https:\/\/lapintureranoemigarcia.es\/wp-content\/uploads\/2025\/10\/whatsapp-image-2024-12-14-at-9.42.55-am.jpeg-300x300.webp 300w, https:\/\/lapintureranoemigarcia.es\/wp-content\/uploads\/2025\/10\/whatsapp-image-2024-12-14-at-9.42.55-am.jpeg-1024x1024.webp 1024w, https:\/\/lapintureranoemigarcia.es\/wp-content\/uploads\/2025\/10\/whatsapp-image-2024-12-14-at-9.42.55-am.jpeg-150x150.webp 150w, https:\/\/lapintureranoemigarcia.es\/wp-content\/uploads\/2025\/10\/whatsapp-image-2024-12-14-at-9.42.55-am.jpeg-768x768.webp 768w, https:\/\/lapintureranoemigarcia.es\/wp-content\/uploads\/2025\/10\/whatsapp-image-2024-12-14-at-9.42.55-am.jpeg-1536x1536.webp 1536w\" sizes=\"auto, (max-width: 2048px) 100vw, 2048px\" \/><\/figure>\n\n\n\n<figure class=\"wp-block-image size-full\"><img loading=\"lazy\" decoding=\"async\" width=\"848\" height=\"480\" src=\"https:\/\/lapintureranoemigarcia.es\/wp-content\/uploads\/2025\/10\/intereste-1.jpg\" alt=\"\" class=\"wp-image-21\" style=\"aspect-ratio:1;object-fit:cover\" srcset=\"https:\/\/lapintureranoemigarcia.es\/wp-content\/uploads\/2025\/10\/intereste-1.jpg 848w, https:\/\/lapintureranoemigarcia.es\/wp-content\/uploads\/2025\/10\/intereste-1-300x170.jpg 300w, https:\/\/lapintureranoemigarcia.es\/wp-content\/uploads\/2025\/10\/intereste-1-768x435.jpg 768w\" sizes=\"auto, (max-width: 848px) 100vw, 848px\" \/><\/figure>\n\n\n\n<figure class=\"wp-block-image size-full\"><img loading=\"lazy\" decoding=\"async\" width=\"2048\" height=\"2048\" src=\"https:\/\/lapintureranoemigarcia.es\/wp-content\/uploads\/2025\/10\/CANCELAR-1.webp\" alt=\"\" class=\"wp-image-22\" style=\"aspect-ratio:1;object-fit:cover\" srcset=\"https:\/\/lapintureranoemigarcia.es\/wp-content\/uploads\/2025\/10\/CANCELAR-1.webp 2048w, https:\/\/lapintureranoemigarcia.es\/wp-content\/uploads\/2025\/10\/CANCELAR-1-300x300.webp 300w, https:\/\/lapintureranoemigarcia.es\/wp-content\/uploads\/2025\/10\/CANCELAR-1-1024x1024.webp 1024w, https:\/\/lapintureranoemigarcia.es\/wp-content\/uploads\/2025\/10\/CANCELAR-1-150x150.webp 150w, https:\/\/lapintureranoemigarcia.es\/wp-content\/uploads\/2025\/10\/CANCELAR-1-768x768.webp 768w, https:\/\/lapintureranoemigarcia.es\/wp-content\/uploads\/2025\/10\/CANCELAR-1-1536x1536.webp 1536w\" sizes=\"auto, (max-width: 2048px) 100vw, 2048px\" \/><\/figure>\n\n\n\n<figure class=\"wp-block-image size-full\"><img loading=\"lazy\" decoding=\"async\" width=\"2048\" height=\"2048\" src=\"https:\/\/lapintureranoemigarcia.es\/wp-content\/uploads\/2025\/10\/Temazo-2.webp\" alt=\"\" class=\"wp-image-18\" style=\"aspect-ratio:1;object-fit:cover\" srcset=\"https:\/\/lapintureranoemigarcia.es\/wp-content\/uploads\/2025\/10\/Temazo-2.webp 2048w, https:\/\/lapintureranoemigarcia.es\/wp-content\/uploads\/2025\/10\/Temazo-2-300x300.webp 300w, https:\/\/lapintureranoemigarcia.es\/wp-content\/uploads\/2025\/10\/Temazo-2-1024x1024.webp 1024w, https:\/\/lapintureranoemigarcia.es\/wp-content\/uploads\/2025\/10\/Temazo-2-150x150.webp 150w, https:\/\/lapintureranoemigarcia.es\/wp-content\/uploads\/2025\/10\/Temazo-2-768x768.webp 768w, https:\/\/lapintureranoemigarcia.es\/wp-content\/uploads\/2025\/10\/Temazo-2-1536x1536.webp 1536w\" sizes=\"auto, (max-width: 2048px) 100vw, 2048px\" \/><\/figure>\n\n\n\n<figure class=\"wp-block-image size-large\"><img loading=\"lazy\" decoding=\"async\" width=\"717\" height=\"1024\" src=\"https:\/\/lapintureranoemigarcia.es\/wp-content\/uploads\/2025\/10\/Rosaril-717x1024.jpg\" alt=\"\" class=\"wp-image-19\" srcset=\"https:\/\/lapintureranoemigarcia.es\/wp-content\/uploads\/2025\/10\/Rosaril-717x1024.jpg 717w, https:\/\/lapintureranoemigarcia.es\/wp-content\/uploads\/2025\/10\/Rosaril-210x300.jpg 210w, https:\/\/lapintureranoemigarcia.es\/wp-content\/uploads\/2025\/10\/Rosaril-768x1097.jpg 768w, https:\/\/lapintureranoemigarcia.es\/wp-content\/uploads\/2025\/10\/Rosaril-1075x1536.jpg 1075w, https:\/\/lapintureranoemigarcia.es\/wp-content\/uploads\/2025\/10\/Rosaril.jpg 1120w\" sizes=\"auto, (max-width: 717px) 100vw, 717px\" \/><\/figure>\n\n\n\n<figure class=\"wp-block-image size-full\"><img loading=\"lazy\" decoding=\"async\" width=\"2048\" height=\"2048\" src=\"https:\/\/lapintureranoemigarcia.es\/wp-content\/uploads\/2025\/10\/y-dime-si-sere-capaz-la-pinturera.jpg-1.webp\" alt=\"\" class=\"wp-image-24\" style=\"aspect-ratio:1;object-fit:cover\" srcset=\"https:\/\/lapintureranoemigarcia.es\/wp-content\/uploads\/2025\/10\/y-dime-si-sere-capaz-la-pinturera.jpg-1.webp 2048w, https:\/\/lapintureranoemigarcia.es\/wp-content\/uploads\/2025\/10\/y-dime-si-sere-capaz-la-pinturera.jpg-1-300x300.webp 300w, https:\/\/lapintureranoemigarcia.es\/wp-content\/uploads\/2025\/10\/y-dime-si-sere-capaz-la-pinturera.jpg-1-1024x1024.webp 1024w, https:\/\/lapintureranoemigarcia.es\/wp-content\/uploads\/2025\/10\/y-dime-si-sere-capaz-la-pinturera.jpg-1-150x150.webp 150w, https:\/\/lapintureranoemigarcia.es\/wp-content\/uploads\/2025\/10\/y-dime-si-sere-capaz-la-pinturera.jpg-1-768x768.webp 768w, https:\/\/lapintureranoemigarcia.es\/wp-content\/uploads\/2025\/10\/y-dime-si-sere-capaz-la-pinturera.jpg-1-1536x1536.webp 1536w\" sizes=\"auto, (max-width: 2048px) 100vw, 2048px\" \/><\/figure>\n\n\n\n<figure class=\"wp-block-image size-full\"><img loading=\"lazy\" decoding=\"async\" width=\"1463\" height=\"2048\" src=\"https:\/\/lapintureranoemigarcia.es\/wp-content\/uploads\/2025\/10\/Mujeres.jpg\" alt=\"\" class=\"wp-image-20\" style=\"aspect-ratio:1;object-fit:cover\" srcset=\"https:\/\/lapintureranoemigarcia.es\/wp-content\/uploads\/2025\/10\/Mujeres.jpg 1463w, https:\/\/lapintureranoemigarcia.es\/wp-content\/uploads\/2025\/10\/Mujeres-214x300.jpg 214w, https:\/\/lapintureranoemigarcia.es\/wp-content\/uploads\/2025\/10\/Mujeres-732x1024.jpg 732w, https:\/\/lapintureranoemigarcia.es\/wp-content\/uploads\/2025\/10\/Mujeres-768x1075.jpg 768w, https:\/\/lapintureranoemigarcia.es\/wp-content\/uploads\/2025\/10\/Mujeres-1097x1536.jpg 1097w\" sizes=\"auto, (max-width: 1463px) 100vw, 1463px\" \/><\/figure>\n<\/div>\n<\/div>\n","protected":false},"excerpt":{"rendered":"<p>LA PINTURERA NOEM\u00cd GARC\u00cdA Mi nombre es Noem\u00ed Garc\u00eda Gonz\u00e1lez. Soy una&nbsp;artesana&nbsp;malague\u00f1a, as\u00ed me defino: libre y observadora. A trav\u00e9s de mi m\u00fasica trato de ofrecer una propuesta consciente y sensible. Me gusta abordar tem\u00e1ticas de relevancia social, desde una perspectiva profunda fusionando sonido y reflexi\u00f3n para generar una experiencia transformadora. LA PINTURERA Como&nbsp;\u00abLa Pinturera\u00bb, [&hellip;]<\/p>\n","protected":false},"author":1,"featured_media":0,"parent":0,"menu_order":0,"comment_status":"closed","ping_status":"closed","template":"","meta":{"footnotes":""},"class_list":["post-6","page","type-page","status-publish","hentry"],"_links":{"self":[{"href":"https:\/\/lapintureranoemigarcia.es\/index.php\/wp-json\/wp\/v2\/pages\/6","targetHints":{"allow":["GET"]}}],"collection":[{"href":"https:\/\/lapintureranoemigarcia.es\/index.php\/wp-json\/wp\/v2\/pages"}],"about":[{"href":"https:\/\/lapintureranoemigarcia.es\/index.php\/wp-json\/wp\/v2\/types\/page"}],"author":[{"embeddable":true,"href":"https:\/\/lapintureranoemigarcia.es\/index.php\/wp-json\/wp\/v2\/users\/1"}],"replies":[{"embeddable":true,"href":"https:\/\/lapintureranoemigarcia.es\/index.php\/wp-json\/wp\/v2\/comments?post=6"}],"version-history":[{"count":8,"href":"https:\/\/lapintureranoemigarcia.es\/index.php\/wp-json\/wp\/v2\/pages\/6\/revisions"}],"predecessor-version":[{"id":31,"href":"https:\/\/lapintureranoemigarcia.es\/index.php\/wp-json\/wp\/v2\/pages\/6\/revisions\/31"}],"wp:attachment":[{"href":"https:\/\/lapintureranoemigarcia.es\/index.php\/wp-json\/wp\/v2\/media?parent=6"}],"curies":[{"name":"wp","href":"https:\/\/api.w.org\/{rel}","templated":true}]}}